{"id":92,"date":"2018-06-11T15:21:57","date_gmt":"2018-06-11T13:21:57","guid":{"rendered":"https:\/\/henselundgretel.net\/?page_id=92"},"modified":"2018-09-10T18:40:23","modified_gmt":"2018-09-10T16:40:23","slug":"ueber-uns","status":"publish","type":"page","link":"https:\/\/henselundgretel.net\/index.php\/ueber-uns\/","title":{"rendered":"\u00fcber uns"},"content":{"rendered":"<div class=\"tmm tmm_hensel-gretel\"><div class=\"tmm_2_columns tmm_wrap tmm_theme_f\"><span class=\"tmm_two_containers_tablet\"><\/span><div class=\"tmm_container\"><div class=\"tmm_member\" style=\"border-top:#ffb84f solid 5px;\"><div class=\"tmm_photo tmm_pic_hensel-gretel_0\" style=\"background: url(https:\/\/henselundgretel.net\/wp-content\/uploads\/2018\/07\/Profil-300x300.jpg); margin-left: auto; margin-right:auto; background-size:cover !important;\"><\/div><div class=\"tmm_textblock\"><div class=\"tmm_names\"><span class=\"tmm_fname\">Roland<\/span> <span class=\"tmm_lname\">Hensel<\/span><\/div><div class=\"tmm_job\">Diplom Betriebswirt (FH)<\/div><div class=\"tmm_scblock\"><a target=\"_blank\" class=\"tmm_sociallink\" href=\"https:\/\/www.facebook.com\/henselgretel.bs\/\" title=\"Besuch uns auf Facebook\"><img decoding=\"async\" alt=\"Besuch uns auf Facebook\" src=\"https:\/\/henselundgretel.net\/wp-content\/plugins\/team-members\/inc\/img\/links\/facebook.png\"\/><\/a><a class=\"tmm_sociallink\" href=\"mailto:&#104;&#101;&#110;s&#101;l&#064;&#104;&#101;nse&#108;u&#110;&#100;&#103;&#114;e&#116;el.&#110;&#101;&#116;\" title=\"E-Mail\"><img decoding=\"async\" alt=\"E-Mail\" src=\"https:\/\/henselundgretel.net\/wp-content\/plugins\/team-members\/inc\/img\/links\/email.png\"\/><\/a><\/div><\/div><\/div><div class=\"tmm_member\" style=\"border-top:#ffb84f solid 5px;\"><div class=\"tmm_photo tmm_pic_hensel-gretel_1\" style=\"background: url(https:\/\/henselundgretel.net\/wp-content\/uploads\/2018\/07\/Profil-300x300.jpg); margin-left: auto; margin-right:auto; background-size:cover !important;\"><\/div><div class=\"tmm_textblock\"><div class=\"tmm_names\"><span class=\"tmm_fname\">Marc<\/span> <span class=\"tmm_lname\">Wittfeld<\/span><\/div><div class=\"tmm_job\">Bankkaufmann<\/div><div class=\"tmm_scblock\"><a target=\"_blank\" class=\"tmm_sociallink\" href=\"https:\/\/www.facebook.com\/henselgretel.bs\/\" title=\"Besuch uns auf Facebook\"><img decoding=\"async\" alt=\"Besuch uns auf Facebook\" src=\"https:\/\/henselundgretel.net\/wp-content\/plugins\/team-members\/inc\/img\/links\/facebook.png\"\/><\/a><a class=\"tmm_sociallink\" href=\"mailto:&#119;&#105;&#116;tfe&#108;&#100;&#064;h&#101;&#110;s&#101;&#108;&#117;&#110;&#100;&#103;&#114;e&#116;&#101;&#108;&#046;net\" title=\"E-Mail\"><img decoding=\"async\" alt=\"E-Mail\" src=\"https:\/\/henselundgretel.net\/wp-content\/plugins\/team-members\/inc\/img\/links\/email.png\"\/><\/a><\/div><\/div><\/div><div style=\"clear:both;\"><\/div><\/div><\/div><\/div>\n<hr \/>\n<p>Die Firma Hensel &amp; Gretel ist eine Transport- und Dienstleistungsgesellschaft des b\u00fcrgerlichen Rechts:<\/p>\n<p>Unser Leistungsspektrum dreht sich in erster Linie um den Transport. Hier verf\u00fcgen wir \u00fcber jahrelange Erfahrung bei M\u00f6beltransporten, Kleinumz\u00fcgen und sonstigen Transporten. Dar\u00fcber hinaus bieten wir auch R\u00e4umungen und weiter Dienstleistungen an, wie Vorbereitungsarbeiten hinsichtlich einer anstehenden Renovierung, z.B. Teppich- und\/oder Tapetenentfernung oder Tragearbeiten. Bei R\u00e4umungen und Liegenschaftsbetreuungen, genie\u00dfen wir das Vertrauen einiger Wohnungsgesell- und \u2013Wohnungsgenossenschaften aus dem Gro\u00dfraum Braunschweig. Unsere T\u00e4tigkeiten bieten wir im gesamten Gro\u00dfraum Braunschweig und den angrenzenden Kleinst\u00e4dten an. Hier verf\u00fcgen wir \u00fcber s\u00e4mtliche erforderlichen Genehmigungen. Seit Jahren arbeiten wir auch vertrauensvoll mit etlichen Betreuungsb\u00fcros im genannten Bereich zusammen. Wir verzeichnen von Jahr zu Jahr einen st\u00e4tigen Wachstum.<\/p>\n<p>Uns zeichnet aus, dass wir mit festen Mitarbeitern ein eingespieltes Team bilden. Dar\u00fcber hinaus werden alle unsere Mitarbeiter \u00fcber dem gesetzlich vorgeschriebenen Mindestlohn verg\u00fctet, ferner sind wir Mitglied in der Handwerkskammer Braunschweig. F\u00fcr uns steht der Kunde im Mittelpunkt und nur durch zufriedene Mitarbeiter und eingespielte Teams k\u00f6nnen wir unseren hohen Leistungsstandard auch einhalten. Insofern ist es uns ebenso wichtig, dass alle Mitarbeiter ihre T\u00e4tigkeit mit Freude und Leidenschaft ausf\u00fchren, damit auch speziell Sie \u2013 als Kunde \u2013 mit uns zufrieden sind und sich entspannt zur\u00fccklehnen k\u00f6nnen.<\/p>\n","protected":false},"excerpt":{"rendered":"","protected":false},"author":2,"featured_media":0,"parent":0,"menu_order":0,"comment_status":"closed","ping_status":"closed","template":"","meta":{"footnotes":""},"class_list":["post-92","page","type-page","status-publish","hentry","entry"],"_links":{"self":[{"href":"https:\/\/henselundgretel.net\/index.php\/wp-json\/wp\/v2\/pages\/92","targetHints":{"allow":["GET"]}}],"collection":[{"href":"https:\/\/henselundgretel.net\/index.php\/wp-json\/wp\/v2\/pages"}],"about":[{"href":"https:\/\/henselundgretel.net\/index.php\/wp-json\/wp\/v2\/types\/page"}],"author":[{"embeddable":true,"href":"https:\/\/henselundgretel.net\/index.php\/wp-json\/wp\/v2\/users\/2"}],"replies":[{"embeddable":true,"href":"https:\/\/henselundgretel.net\/index.php\/wp-json\/wp\/v2\/comments?post=92"}],"version-history":[{"count":12,"href":"https:\/\/henselundgretel.net\/index.php\/wp-json\/wp\/v2\/pages\/92\/revisions"}],"predecessor-version":[{"id":353,"href":"https:\/\/henselundgretel.net\/index.php\/wp-json\/wp\/v2\/pages\/92\/revisions\/353"}],"wp:attachment":[{"href":"https:\/\/henselundgretel.net\/index.php\/wp-json\/wp\/v2\/media?parent=92"}],"curies":[{"name":"wp","href":"https:\/\/api.w.org\/{rel}","templated":true}]}}