{"id":250,"date":"2018-08-12T20:49:59","date_gmt":"2018-08-12T18:49:59","guid":{"rendered":"https:\/\/henselundgretel.net\/?page_id=250"},"modified":"2018-08-12T21:28:56","modified_gmt":"2018-08-12T19:28:56","slug":"umzuege-2","status":"publish","type":"page","link":"https:\/\/henselundgretel.net\/index.php\/umzuege-2\/","title":{"rendered":"Umz\u00fcge"},"content":{"rendered":"<h2>Dienstleistungsspektrum Umz\u00fcge<\/h2>\n<h3>Ablauf:<\/h3>\n<h4>Kostenlose Erstbesichtigung nach Terminabsprache<\/h4>\n<ul>\n<li>Mengen- und Gegebenheitserfassung<\/li>\n<li>Beratung<\/li>\n<\/ul>\n<h4>Organisation<\/h4>\n<ul>\n<li>Beantragung der Halteverbotszonen (falls Ben\u00f6tigt)<\/li>\n<li>Lieferung von Kartons und Verpackungsmaterial<\/li>\n<li>Verpacken des Transportgutes<\/li>\n<\/ul>\n<h4>Transport<\/h4>\n<ul>\n<li>Aufnahme des Transportgutes<\/li>\n<li>Einladen in das Fahrzeug<\/li>\n<li>Bef\u00f6rderung zur Entladestelle<\/li>\n<li>Ausladen und ggf. Entfernung des Verpackunsgmaterials<\/li>\n<\/ul>\n<h4>Fachgerechte Entsorgung des Verpackungsmaterials<\/h4>\n<p>&nbsp;<\/p>\n<p>Aufgrund von jahrelanger Zusammenarbeit und tiefster \u00dcberzeugung empfehlen wir bei Umz\u00fcgen \u00fcber 20m\u00b3 die Firma <a href=\"http:\/\/www.modernermoebeltransport.de\/\">Heinrich moderner M\u00f6beltransport<\/a>.<\/p>\n<p><a href=\"http:\/\/www.modernermoebeltransport.de\/\"><img decoding=\"async\" class=\"alignnone wp-image-274 size-full\" src=\"https:\/\/henselundgretel.net\/wp-content\/uploads\/2018\/08\/logo-heinrich.jpg\" alt=\"\" width=\"169\" height=\"59\" \/><\/a><\/p>\n","protected":false},"excerpt":{"rendered":"<div class=\"entry-summary\">\n<div class=\"entry-summary\">\nDienstleistungsspektrum Umz\u00fcge Ablauf: Kostenlose Erstbesichtigung nach Terminabsprache Mengen- und Gegebenheitserfassung Beratung Organisation&hellip;\n<\/div>\n<div class=\"link-more\"><a href=\"https:\/\/henselundgretel.net\/index.php\/umzuege-2\/\" class=\"more-link\">Continue reading<span class=\"screen-reader-text\"> &ldquo;Umz\u00fcge&rdquo;<\/span>&hellip;<\/a><\/div>\n<\/div>\n<div class=\"link-more\"><a href=\"https:\/\/henselundgretel.net\/index.php\/umzuege-2\/\" class=\"more-link\">Continue reading<span class=\"screen-reader-text\"> &ldquo;Umz\u00fcge&rdquo;<\/span>&hellip;<\/a><\/div>\n","protected":false},"author":2,"featured_media":0,"parent":0,"menu_order":0,"comment_status":"closed","ping_status":"closed","template":"","meta":{"footnotes":""},"class_list":["post-250","page","type-page","status-publish","hentry","entry"],"_links":{"self":[{"href":"https:\/\/henselundgretel.net\/index.php\/wp-json\/wp\/v2\/pages\/250","targetHints":{"allow":["GET"]}}],"collection":[{"href":"https:\/\/henselundgretel.net\/index.php\/wp-json\/wp\/v2\/pages"}],"about":[{"href":"https:\/\/henselundgretel.net\/index.php\/wp-json\/wp\/v2\/types\/page"}],"author":[{"embeddable":true,"href":"https:\/\/henselundgretel.net\/index.php\/wp-json\/wp\/v2\/users\/2"}],"replies":[{"embeddable":true,"href":"https:\/\/henselundgretel.net\/index.php\/wp-json\/wp\/v2\/comments?post=250"}],"version-history":[{"count":3,"href":"https:\/\/henselundgretel.net\/index.php\/wp-json\/wp\/v2\/pages\/250\/revisions"}],"predecessor-version":[{"id":277,"href":"https:\/\/henselundgretel.net\/index.php\/wp-json\/wp\/v2\/pages\/250\/revisions\/277"}],"wp:attachment":[{"href":"https:\/\/henselundgretel.net\/index.php\/wp-json\/wp\/v2\/media?parent=250"}],"curies":[{"name":"wp","href":"https:\/\/api.w.org\/{rel}","templated":true}]}}