{"id":247,"date":"2018-08-12T20:48:38","date_gmt":"2018-08-12T18:48:38","guid":{"rendered":"https:\/\/henselundgretel.net\/?page_id=247"},"modified":"2018-09-10T18:42:42","modified_gmt":"2018-09-10T16:42:42","slug":"moebeltransporte-kleinumzuege","status":"publish","type":"page","link":"https:\/\/henselundgretel.net\/index.php\/moebeltransporte-kleinumzuege\/","title":{"rendered":"M\u00f6beltransporte \/ Kleinumz\u00fcge"},"content":{"rendered":"<h2>Dienstleistungsspektrum M\u00f6beltransporte \/ Kleinumz\u00fcge<\/h2>\n<p>Gerne f\u00fchren wir f\u00fcr Sie auch Umz\u00fcge bzw. Kleinumz\u00fcge und\/oder M\u00f6beltransporte durch. Wir k\u00f6nnen hierbei hochwertige Umzugskartons leihweise zur Verf\u00fcgung stellen. Bei Bedarf stellen wir Ihnen gern auch das angemessene Verpackungsmaterial, wie beispielsweise Luftpolsterfolie oder Seidenpapier, zur Verf\u00fcgung. Gerne beraten oder unterst\u00fctzen wir Sie auch beim Verpacken. Auch unterst\u00fctzen wir Sie gerne bei der Verpackung, Demontage und anschlie\u00dfender Montage ihrer M\u00f6bel am neuen Bestimmungsort. Selbstverst\u00e4ndlich holen wir die Kartons anschlie\u00dfend auch kostenlos wieder aus Ihrem neuen Zuhause ab und f\u00fchren die eventuell entstandenen Abf\u00e4lle der Verwertung zu. F\u00fcr ein aussagekr\u00e4ftiges Angebot ist immer eine Besichtigung vor Ort die beste Voraussetzung, also <a href=\"https:\/\/henselundgretel.net\/index.php\/kontakt\/\">kontaktieren<\/a> Sie uns einfach.<\/p>\n<p>F\u00fcr gr\u00f6ssere Umz\u00fcge empfehlen wir die Firma <a href=\"http:\/\/www.modernermoebeltransport.de\/\">Heinrich moderner M\u00f6beltransport<\/a>.<\/p>\n<p><a href=\"http:\/\/www.modernermoebeltransport.de\/\"><img decoding=\"async\" class=\"alignnone wp-image-274 size-full\" src=\"https:\/\/henselundgretel.net\/wp-content\/uploads\/2018\/08\/logo-heinrich.jpg\" alt=\"\" width=\"169\" height=\"59\" \/><\/a><\/p>\n<p>&nbsp;<\/p>\n<p>&nbsp;<\/p>\n<h3>Ablauf:<\/h3>\n<h4>Kostenlose Erstbesichtigung nach Terminabsprache<\/h4>\n<ul>\n<li>Mengen- und Gegebenheitserfassung<\/li>\n<li>Beratung<\/li>\n<\/ul>\n<h4>Organisation<\/h4>\n<ul>\n<li>Beantragung der Halteverbotszonen (falls Ben\u00f6tigt)<\/li>\n<li>Lieferung von Kartons und Verpackungsmaterial<\/li>\n<li>Verpacken des Transportgutes<\/li>\n<\/ul>\n<h4>Transport<\/h4>\n<ul>\n<li>Aufnahme des Transportgutes<\/li>\n<li>Einladen in das Fahrzeug<\/li>\n<li>Bef\u00f6rderung zur Entladestelle<\/li>\n<li>Ausladen und ggf. Entfernung des Verpackunsgmaterials<\/li>\n<\/ul>\n<h4>Fachgerechte Entsorgung des Verpackungsmaterials<\/h4>\n","protected":false},"excerpt":{"rendered":"<div class=\"entry-summary\">\n<div class=\"entry-summary\">\nDienstleistungsspektrum M\u00f6beltransporte \/ Kleinumz\u00fcge Gerne f\u00fchren wir f\u00fcr Sie auch Umz\u00fcge bzw.&hellip;\n<\/div>\n<div class=\"link-more\"><a href=\"https:\/\/henselundgretel.net\/index.php\/moebeltransporte-kleinumzuege\/\" class=\"more-link\">Continue reading<span class=\"screen-reader-text\"> &ldquo;M\u00f6beltransporte \/ Kleinumz\u00fcge&rdquo;<\/span>&hellip;<\/a><\/div>\n<\/div>\n<div class=\"link-more\"><a href=\"https:\/\/henselundgretel.net\/index.php\/moebeltransporte-kleinumzuege\/\" class=\"more-link\">Continue reading<span class=\"screen-reader-text\"> &ldquo;M\u00f6beltransporte \/ Kleinumz\u00fcge&rdquo;<\/span>&hellip;<\/a><\/div>\n","protected":false},"author":2,"featured_media":0,"parent":0,"menu_order":0,"comment_status":"closed","ping_status":"closed","template":"","meta":{"footnotes":""},"class_list":["post-247","page","type-page","status-publish","hentry","entry"],"_links":{"self":[{"href":"https:\/\/henselundgretel.net\/index.php\/wp-json\/wp\/v2\/pages\/247","targetHints":{"allow":["GET"]}}],"collection":[{"href":"https:\/\/henselundgretel.net\/index.php\/wp-json\/wp\/v2\/pages"}],"about":[{"href":"https:\/\/henselundgretel.net\/index.php\/wp-json\/wp\/v2\/types\/page"}],"author":[{"embeddable":true,"href":"https:\/\/henselundgretel.net\/index.php\/wp-json\/wp\/v2\/users\/2"}],"replies":[{"embeddable":true,"href":"https:\/\/henselundgretel.net\/index.php\/wp-json\/wp\/v2\/comments?post=247"}],"version-history":[{"count":5,"href":"https:\/\/henselundgretel.net\/index.php\/wp-json\/wp\/v2\/pages\/247\/revisions"}],"predecessor-version":[{"id":356,"href":"https:\/\/henselundgretel.net\/index.php\/wp-json\/wp\/v2\/pages\/247\/revisions\/356"}],"wp:attachment":[{"href":"https:\/\/henselundgretel.net\/index.php\/wp-json\/wp\/v2\/media?parent=247"}],"curies":[{"name":"wp","href":"https:\/\/api.w.org\/{rel}","templated":true}]}}