{"id":17,"date":"2016-02-01T18:29:34","date_gmt":"2016-02-01T17:29:34","guid":{"rendered":"https:\/\/henselundgretel.net\/?page_id=17"},"modified":"2018-07-30T23:58:24","modified_gmt":"2018-07-30T21:58:24","slug":"haushaltsankaeufe","status":"publish","type":"page","link":"https:\/\/henselundgretel.net\/index.php\/haushaltsankaeufe\/","title":{"rendered":"Haushaltsank\u00e4ufe"},"content":{"rendered":"<p>Wir kaufen Ihre Nachl\u00e4sse an und verrechnen diese gegebenfalls mit weiterf\u00fchrenden Dienstleistungen.\u00a0Ob alte M\u00f6bel, Designerm\u00f6bel, Porzellan, auch gerne Sammlungen&#8230;.bieten Sie es uns einfach an!<\/p>\n<p>Bitte schicken Sie uns Fotos oder noch besser: Veranlassen sie\u00a0 gleich einen Termin zur Besichtigung.<\/p>\n<p>Bitte haben sie Verst\u00e4ndnis daf\u00fcr, dass wir in der Regel nicht sofort eine verbindliche Aussage treffen k\u00f6nnen. Ein entsprechendes Angebot wird Ihnen aber unmittelbar nach Besichtigung schriftlich \u00fcbermittelt.<b><br \/>\n<\/b><\/p>\n","protected":false},"excerpt":{"rendered":"<div class=\"entry-summary\">\n<div class=\"entry-summary\">\nWir kaufen Ihre Nachl\u00e4sse an und verrechnen diese gegebenfalls mit weiterf\u00fchrenden Dienstleistungen.\u00a0Ob&hellip;\n<\/div>\n<div class=\"link-more\"><a href=\"https:\/\/henselundgretel.net\/index.php\/haushaltsankaeufe\/\" class=\"more-link\">Continue reading<span class=\"screen-reader-text\"> &ldquo;Haushaltsank\u00e4ufe&rdquo;<\/span>&hellip;<\/a><\/div>\n<\/div>\n<div class=\"link-more\"><a href=\"https:\/\/henselundgretel.net\/index.php\/haushaltsankaeufe\/\" class=\"more-link\">Continue reading<span class=\"screen-reader-text\"> &ldquo;Haushaltsank\u00e4ufe&rdquo;<\/span>&hellip;<\/a><\/div>\n","protected":false},"author":2,"featured_media":0,"parent":0,"menu_order":0,"comment_status":"closed","ping_status":"closed","template":"","meta":{"footnotes":""},"class_list":["post-17","page","type-page","status-publish","hentry","entry"],"_links":{"self":[{"href":"https:\/\/henselundgretel.net\/index.php\/wp-json\/wp\/v2\/pages\/17","targetHints":{"allow":["GET"]}}],"collection":[{"href":"https:\/\/henselundgretel.net\/index.php\/wp-json\/wp\/v2\/pages"}],"about":[{"href":"https:\/\/henselundgretel.net\/index.php\/wp-json\/wp\/v2\/types\/page"}],"author":[{"embeddable":true,"href":"https:\/\/henselundgretel.net\/index.php\/wp-json\/wp\/v2\/users\/2"}],"replies":[{"embeddable":true,"href":"https:\/\/henselundgretel.net\/index.php\/wp-json\/wp\/v2\/comments?post=17"}],"version-history":[{"count":4,"href":"https:\/\/henselundgretel.net\/index.php\/wp-json\/wp\/v2\/pages\/17\/revisions"}],"predecessor-version":[{"id":238,"href":"https:\/\/henselundgretel.net\/index.php\/wp-json\/wp\/v2\/pages\/17\/revisions\/238"}],"wp:attachment":[{"href":"https:\/\/henselundgretel.net\/index.php\/wp-json\/wp\/v2\/media?parent=17"}],"curies":[{"name":"wp","href":"https:\/\/api.w.org\/{rel}","templated":true}]}}