{"id":15,"date":"2016-02-01T18:27:48","date_gmt":"2016-02-01T17:27:48","guid":{"rendered":"https:\/\/henselundgretel.net\/?page_id=15"},"modified":"2018-09-10T18:43:40","modified_gmt":"2018-09-10T16:43:40","slug":"haushaltsaufloesung","status":"publish","type":"page","link":"https:\/\/henselundgretel.net\/index.php\/haushaltsaufloesung\/","title":{"rendered":"Haushaltsaufl\u00f6sung"},"content":{"rendered":"<h3><b>Wir bieten Ihnen:<\/b><\/h3>\n<ul>\n<li style=\"list-style-type: none;\">\n<ul>\n<li>Haushaltsaufl\u00f6sungen von H\u00e4usern und Wohnungen im Umkreis von bis zu 100 km von Braunschweig<\/li>\n<li>Teilr\u00e4umungen von einzelnen R\u00e4umen, Geschossen, Kellern, Dachb\u00f6den, Garagen etc.<\/li>\n<li>Beratung bei Sonderf\u00e4llen<\/li>\n<li>Leerung und Wiederherstellung von stark verschmutztem und verwohntem Wohnraum, hier arbeiten wir auch mit einem zuverl\u00e4ssigen Sch\u00e4dlingsbek\u00e4mpfer zusammen <a href=\"https:\/\/www.sbk-flemming.de\/\">Kammerj\u00e4ger \/ Sch\u00e4dlingsbek\u00e4mpfer J\u00f6rg Fiemming im Gro\u00dfraum Braunschweig, Wolfenb\u00fcttel, Gifhorn, Wolfsburg, Helmstedt<\/a><\/li>\n<\/ul>\n<\/li>\n<\/ul>\n<p>Bitte beachten Sie: Um ein seri\u00f6ses und aussagekr\u00e4ftiges Angebot machen zu k\u00f6nnen, ist es immer am Besten, einen Termin f\u00fcr eine Besichtigung vor Ort zu vereinbaren!<\/p>\n<p>Gleichzeitig k\u00f6nnen wir Ihnen vor Ort auch Tipps geben, wenn es z.B. Sinn macht im Vorfeld selbst noch Mobiliar oder Interieur zu ver\u00e4u\u00dfern, um hier ggf. Kosten zu sparen.<\/p>\n","protected":false},"excerpt":{"rendered":"<div class=\"entry-summary\">\n<div class=\"entry-summary\">\nWir bieten Ihnen: Haushaltsaufl\u00f6sungen von H\u00e4usern und Wohnungen im Umkreis von bis&hellip;\n<\/div>\n<div class=\"link-more\"><a href=\"https:\/\/henselundgretel.net\/index.php\/haushaltsaufloesung\/\" class=\"more-link\">Continue reading<span class=\"screen-reader-text\"> &ldquo;Haushaltsaufl\u00f6sung&rdquo;<\/span>&hellip;<\/a><\/div>\n<\/div>\n<div class=\"link-more\"><a href=\"https:\/\/henselundgretel.net\/index.php\/haushaltsaufloesung\/\" class=\"more-link\">Continue reading<span class=\"screen-reader-text\"> &ldquo;Haushaltsaufl\u00f6sung&rdquo;<\/span>&hellip;<\/a><\/div>\n","protected":false},"author":2,"featured_media":0,"parent":0,"menu_order":0,"comment_status":"closed","ping_status":"closed","template":"","meta":{"footnotes":""},"class_list":["post-15","page","type-page","status-publish","hentry","entry"],"_links":{"self":[{"href":"https:\/\/henselundgretel.net\/index.php\/wp-json\/wp\/v2\/pages\/15","targetHints":{"allow":["GET"]}}],"collection":[{"href":"https:\/\/henselundgretel.net\/index.php\/wp-json\/wp\/v2\/pages"}],"about":[{"href":"https:\/\/henselundgretel.net\/index.php\/wp-json\/wp\/v2\/types\/page"}],"author":[{"embeddable":true,"href":"https:\/\/henselundgretel.net\/index.php\/wp-json\/wp\/v2\/users\/2"}],"replies":[{"embeddable":true,"href":"https:\/\/henselundgretel.net\/index.php\/wp-json\/wp\/v2\/comments?post=15"}],"version-history":[{"count":9,"href":"https:\/\/henselundgretel.net\/index.php\/wp-json\/wp\/v2\/pages\/15\/revisions"}],"predecessor-version":[{"id":357,"href":"https:\/\/henselundgretel.net\/index.php\/wp-json\/wp\/v2\/pages\/15\/revisions\/357"}],"wp:attachment":[{"href":"https:\/\/henselundgretel.net\/index.php\/wp-json\/wp\/v2\/media?parent=15"}],"curies":[{"name":"wp","href":"https:\/\/api.w.org\/{rel}","templated":true}]}}