{"id":144,"date":"2018-06-12T12:09:16","date_gmt":"2018-06-12T10:09:16","guid":{"rendered":"https:\/\/henselundgretel.net\/?page_id=144"},"modified":"2018-08-12T21:34:30","modified_gmt":"2018-08-12T19:34:30","slug":"liegenschaftsbetreuung-spermuellraeumung","status":"publish","type":"page","link":"https:\/\/henselundgretel.net\/index.php\/liegenschaftsbetreuung-spermuellraeumung\/","title":{"rendered":"Liegenschaftsbetreuung\/Sperm\u00fcllr\u00e4umung"},"content":{"rendered":"<h2>Dienstleistungsspektrum Liegenschaftsbetreuung \/ Sperrm\u00fcllr\u00e4umung<\/h2>\n<p>Gerne \u00fcbernehmen wir die Liegenschaftsbetreuung f\u00fcr Ihre Objekte. Hier verf\u00fcgen wir bereits \u00fcber Erfahrungen und sind f\u00fcr grosse Wohnbaugesellschaften t\u00e4tig. Wir r\u00e4umen abgelegten Sperrm\u00fcll in den Au\u00dfenbereichen, Keller sowie Dachb\u00f6den und sind hierbei durch unsere Flexibilit\u00e4t immer sehr zeitnah zur Stelle. Wenn gew\u00fcnscht, stimmen wir hier auch selbstst\u00e4ndig die Termine individuell mit den Objektbetreuern vor Ort ab. Gerade hinsichtlich der Unfall- und Brandgefahren ist hier ein schnelles Handeln notwendig.<\/p>\n<h3>Ablauf:<\/h3>\n<h4>Kostenlose Erstbesichtigung nach Terminabsprache<\/h4>\n<ul>\n<li>Mengenerfassung<\/li>\n<li>Klassifikation der Abf\u00e4lle<\/li>\n<\/ul>\n<h4>Organisation<\/h4>\n<ul>\n<li>Beantragung der Halteverbotszonen (falls Ben\u00f6tigt)<\/li>\n<li>Containergestellung oder Direktbef\u00f6rderung durch uns<\/li>\n<\/ul>\n<h4>R\u00e4umung<\/h4>\n<ul>\n<li>Aufnahme des Sperrgutes \/ der Abf\u00e4lle, Sortierung des zu bef\u00f6rdernden Abfalles und Ber\u00e4umung der vereinbarten Fl\u00e4che<\/li>\n<li>Bef\u00f6rderung des Sperrgutes nach KrWG<\/li>\n<li>Besenreine \u00dcbergabe der ger\u00e4umten Fl\u00e4chen und Laufwege<\/li>\n<\/ul>\n<h4>Fachgerechte Entsorgung von Sperrgut, Elektroger\u00e4ten und sonstigen gef\u00e4hrlichen Abf\u00e4llen<\/h4>\n","protected":false},"excerpt":{"rendered":"<div class=\"entry-summary\">\n<div class=\"entry-summary\">\nDienstleistungsspektrum Liegenschaftsbetreuung \/ Sperrm\u00fcllr\u00e4umung Gerne \u00fcbernehmen wir die Liegenschaftsbetreuung f\u00fcr Ihre Objekte.&hellip;\n<\/div>\n<div class=\"link-more\"><a href=\"https:\/\/henselundgretel.net\/index.php\/liegenschaftsbetreuung-spermuellraeumung\/\" class=\"more-link\">Continue reading<span class=\"screen-reader-text\"> &ldquo;Liegenschaftsbetreuung\/Sperm\u00fcllr\u00e4umung&rdquo;<\/span>&hellip;<\/a><\/div>\n<\/div>\n<div class=\"link-more\"><a href=\"https:\/\/henselundgretel.net\/index.php\/liegenschaftsbetreuung-spermuellraeumung\/\" class=\"more-link\">Continue reading<span class=\"screen-reader-text\"> &ldquo;Liegenschaftsbetreuung\/Sperm\u00fcllr\u00e4umung&rdquo;<\/span>&hellip;<\/a><\/div>\n","protected":false},"author":2,"featured_media":0,"parent":0,"menu_order":0,"comment_status":"closed","ping_status":"closed","template":"","meta":{"footnotes":""},"class_list":["post-144","page","type-page","status-publish","hentry","entry"],"_links":{"self":[{"href":"https:\/\/henselundgretel.net\/index.php\/wp-json\/wp\/v2\/pages\/144","targetHints":{"allow":["GET"]}}],"collection":[{"href":"https:\/\/henselundgretel.net\/index.php\/wp-json\/wp\/v2\/pages"}],"about":[{"href":"https:\/\/henselundgretel.net\/index.php\/wp-json\/wp\/v2\/types\/page"}],"author":[{"embeddable":true,"href":"https:\/\/henselundgretel.net\/index.php\/wp-json\/wp\/v2\/users\/2"}],"replies":[{"embeddable":true,"href":"https:\/\/henselundgretel.net\/index.php\/wp-json\/wp\/v2\/comments?post=144"}],"version-history":[{"count":4,"href":"https:\/\/henselundgretel.net\/index.php\/wp-json\/wp\/v2\/pages\/144\/revisions"}],"predecessor-version":[{"id":279,"href":"https:\/\/henselundgretel.net\/index.php\/wp-json\/wp\/v2\/pages\/144\/revisions\/279"}],"wp:attachment":[{"href":"https:\/\/henselundgretel.net\/index.php\/wp-json\/wp\/v2\/media?parent=144"}],"curies":[{"name":"wp","href":"https:\/\/api.w.org\/{rel}","templated":true}]}}