{"id":138,"date":"2018-06-12T11:42:45","date_gmt":"2018-06-12T09:42:45","guid":{"rendered":"https:\/\/henselundgretel.net\/?page_id=138"},"modified":"2018-06-12T11:53:19","modified_gmt":"2018-06-12T09:53:19","slug":"wohnungsaufloesungen","status":"publish","type":"page","link":"https:\/\/henselundgretel.net\/index.php\/wohnungsaufloesungen\/","title":{"rendered":"Wohnungsaufl\u00f6sungen"},"content":{"rendered":"<p>Wir bieten Ihnen das komplette Men\u00fc einer Wohnungsaufl\u00f6sung nach Ihrer individuellen Vorgabe mit einer besenreinen \u00dcbergabe an. Je nach Auftrag entfernen wir auch Bodenbel\u00e4ge, Tapeten, Wand- oder Deckenverkleidungen. Auch Transporte von M\u00f6beln und Gegenst\u00e4nden in Ihre eigenen Lager sind hierbei f\u00fcr uns eine Selbstverst\u00e4ndlichkeit. Jede Wohnungsaufl\u00f6sung ist anders, von daher f\u00fchren wir sie selbstverst\u00e4ndlich nach Ihren W\u00fcnschen und Anspr\u00fcchen durch. S\u00e4mtliches Inventar und alle Sachen werden hierbei ordnungsgem\u00e4\u00df sortiert und fachgerecht entsorgt, bei Rechnungsstellung erhalten Sie als Anlage die entsprechenden Entsorgungsnachweise des zust\u00e4ndigen Verwerters.<\/p>\n<p>Auch stark verdreckte Wohnr\u00e4ume mit z.B. Sch\u00e4dlingsbefall sind kein Problem f\u00fcr uns. Wir arbeiten hier mit einem renomierten Sch\u00e4dlingsbek\u00e4mpfer zusammen, sollten Sie selbst keinen zur Verf\u00fcgung haben. Hier arbeiten wir Hand in Hand bei einer gemeinsamen Begehung und planen die weitere Vorgehensweise. <\/p>\n<p>Wir sind ein zertifiziertes Unternehmen mit der Bef\u00f6rderungserlaubnis nach \u00a754 des Kreislaufwirtschaftsgesetzes.<\/p>\n","protected":false},"excerpt":{"rendered":"<div class=\"entry-summary\">\n<div class=\"entry-summary\">\nWir bieten Ihnen das komplette Men\u00fc einer Wohnungsaufl\u00f6sung nach Ihrer individuellen Vorgabe&hellip;\n<\/div>\n<div class=\"link-more\"><a href=\"https:\/\/henselundgretel.net\/index.php\/wohnungsaufloesungen\/\" class=\"more-link\">Continue reading<span class=\"screen-reader-text\"> &ldquo;Wohnungsaufl\u00f6sungen&rdquo;<\/span>&hellip;<\/a><\/div>\n<\/div>\n<div class=\"link-more\"><a href=\"https:\/\/henselundgretel.net\/index.php\/wohnungsaufloesungen\/\" class=\"more-link\">Continue reading<span class=\"screen-reader-text\"> &ldquo;Wohnungsaufl\u00f6sungen&rdquo;<\/span>&hellip;<\/a><\/div>\n","protected":false},"author":2,"featured_media":0,"parent":0,"menu_order":0,"comment_status":"closed","ping_status":"closed","template":"","meta":{"footnotes":""},"class_list":["post-138","page","type-page","status-publish","hentry","entry"],"_links":{"self":[{"href":"https:\/\/henselundgretel.net\/index.php\/wp-json\/wp\/v2\/pages\/138","targetHints":{"allow":["GET"]}}],"collection":[{"href":"https:\/\/henselundgretel.net\/index.php\/wp-json\/wp\/v2\/pages"}],"about":[{"href":"https:\/\/henselundgretel.net\/index.php\/wp-json\/wp\/v2\/types\/page"}],"author":[{"embeddable":true,"href":"https:\/\/henselundgretel.net\/index.php\/wp-json\/wp\/v2\/users\/2"}],"replies":[{"embeddable":true,"href":"https:\/\/henselundgretel.net\/index.php\/wp-json\/wp\/v2\/comments?post=138"}],"version-history":[{"count":4,"href":"https:\/\/henselundgretel.net\/index.php\/wp-json\/wp\/v2\/pages\/138\/revisions"}],"predecessor-version":[{"id":143,"href":"https:\/\/henselundgretel.net\/index.php\/wp-json\/wp\/v2\/pages\/138\/revisions\/143"}],"wp:attachment":[{"href":"https:\/\/henselundgretel.net\/index.php\/wp-json\/wp\/v2\/media?parent=138"}],"curies":[{"name":"wp","href":"https:\/\/api.w.org\/{rel}","templated":true}]}}